{"id":27,"date":"2011-04-07T14:10:25","date_gmt":"2011-04-07T14:10:25","guid":{"rendered":"http:\/\/hal9000\/marina\/?page_id=27"},"modified":"2021-08-07T11:33:44","modified_gmt":"2021-08-07T11:33:44","slug":"servicos","status":"publish","type":"page","link":"https:\/\/marinadapovoa.com\/fr\/servicos\/","title":{"rendered":"Services"},"content":{"rendered":"<p>\u2022 Pontons Avec des Fingers (Catways)<br \/>\n\u2022 De L\u2019Eau et de L\u2019\u00c9lectricit\u00e9 dans Les Pontons<br \/>\n\u2022 Surveillance 24 Heures<br \/>\n\u2022 Vid\u00e9osurveillance<br \/>\n\u2022 Access Internet Wi-Fi<br \/>\n\u2022 Point Propre (Collecteurs de D\u00e9chets et R\u00e9cup\u00e9rateurs D\u2019Huiles de Vidange)<br \/>\n\u2022 T\u00e9l\u00e9phone Public<br \/>\n\u2022 Information M\u00e9t\u00e9o<br \/>\n\u2022 Yacth Club <a href=\"http:\/\/www.clubenavalpovoense.com\">Clube Naval Povoense<\/a><\/p>\n<p><strong>D\u2019Autres Services<\/strong><br \/>\n\u2022 Capitainerie<br \/>\n\u2022 Police<br \/>\n\u2022 Douanes<br \/>\n\u2022 Carburant (sur Le Port de P\u00eache)<br \/>\n\u2022 Bar\/Restaurant <a href=\"https:\/\/www.facebook.com\/Anastacia-Marina-1526134854372311\" target=\"_blank\">Anastacia Marina<\/a><br \/>\n\u2022 Services d\u2019Entretien\/R\u00e9parations, Accastillage: <a href=\"http:\/\/www.nauticavaga.com\" target=\"_blank\">N\u00e1utica Vaga<\/a> et Toman\u00e9<br \/>\n\u2022 Ecole de Voile et Location de Bateaux <a href=\"http:\/\/www.velamar.net\/\" target=\"_blank\">Velamar<\/a><br \/>\n\u2022 Ecole de Plong\u00e9 <a href=\"https:\/\/www.facebook.com\/LaminariaSub\" target=\"_blank\">Lamin\u00e1ria<\/a><\/p>","protected":false},"excerpt":{"rendered":"<p>\u2022 Pontons Avec des Fingers (Catways) \u2022 De L\u2019Eau et de L\u2019\u00c9lectricit\u00e9 dans Les Pontons \u2022 Surveillance 24 Heures \u2022 &hellip; <a href=\"https:\/\/marinadapovoa.com\/fr\/servicos\/\"><span class=\"meta-nav\">[+]<\/span><\/a><\/p>\n","protected":false},"author":1,"featured_media":451,"parent":0,"menu_order":0,"comment_status":"closed","ping_status":"closed","template":"","meta":{"footnotes":""},"class_list":["post-27","page","type-page","status-publish","has-post-thumbnail","hentry"],"_links":{"self":[{"href":"https:\/\/marinadapovoa.com\/fr\/wp-json\/wp\/v2\/pages\/27","targetHints":{"allow":["GET"]}}],"collection":[{"href":"https:\/\/marinadapovoa.com\/fr\/wp-json\/wp\/v2\/pages"}],"about":[{"href":"https:\/\/marinadapovoa.com\/fr\/wp-json\/wp\/v2\/types\/page"}],"author":[{"embeddable":true,"href":"https:\/\/marinadapovoa.com\/fr\/wp-json\/wp\/v2\/users\/1"}],"replies":[{"embeddable":true,"href":"https:\/\/marinadapovoa.com\/fr\/wp-json\/wp\/v2\/comments?post=27"}],"version-history":[{"count":50,"href":"https:\/\/marinadapovoa.com\/fr\/wp-json\/wp\/v2\/pages\/27\/revisions"}],"predecessor-version":[{"id":1727,"href":"https:\/\/marinadapovoa.com\/fr\/wp-json\/wp\/v2\/pages\/27\/revisions\/1727"}],"wp:featuredmedia":[{"embeddable":true,"href":"https:\/\/marinadapovoa.com\/fr\/wp-json\/wp\/v2\/media\/451"}],"wp:attachment":[{"href":"https:\/\/marinadapovoa.com\/fr\/wp-json\/wp\/v2\/media?parent=27"}],"curies":[{"name":"wp","href":"https:\/\/api.w.org\/{rel}","templated":true}]}}