{"id":1761,"date":"2022-03-08T11:52:04","date_gmt":"2022-03-08T11:52:04","guid":{"rendered":"https:\/\/marinadapovoa.com\/?page_id=1761"},"modified":"2022-12-30T10:05:59","modified_gmt":"2022-12-30T10:05:59","slug":"navily","status":"publish","type":"page","link":"https:\/\/marinadapovoa.com\/fr\/navily\/","title":{"rendered":"Tarif\u00e1rio"},"content":{"rendered":"<p>Pour t\u00e9l\u00e9charger notre tarifaire en fichier PDF cliquer <a href=\"http:\/\/marinadapovoa.com\/wp-content\/uploads\/2011\/04\/Tarif\u00e1rio-Marina-20210423.pdf\" title=\"Tarif\u00e1rio Marina da P\u00f3voa\" rel=\"noopener\" target=\"_blank\"><strong>ici<\/strong><\/a>.  <strong>Horaire<\/strong> L\u2019\u00c9t\u00e9 (De Juillet jusq&rsquo;\u00e0 Septembre): 9h00 \u2013 12h30 \/ 14h00 \u2013 19h00\u00a0L\u2019Hiver: 09h00 \u2013 12h30 \/ 14h00 \u2013 18h00. TVA inclus. Multicoque \u2013 prix major\u00e9s en 50% de plus. <strong>Forfait annuel<\/strong> \u2013 une mise a terre et une mise a l\u2019eau inclus dans le prix. Prix calcul\u00e9s selon la cat\u00e9gorie sup\u00e9rieur du longueur ou largeur des bateaux. De l\u2019eau et de l\u2019\u00e9lectricit\u00e9 inclus dans le prix du stationnement a flot. <strong>Grue<\/strong>: jusqu&rsquo;\u00e0 2,5 t <strong>Travel Lift<\/strong>: jusqu&rsquo;\u00e0 32t \u00a0 \n<table id=\"wp-table-reloaded-id-21-no-1\" class=\"wp-table-reloaded wp-table-reloaded-id-21\">\n<thead>\n\t<tr class=\"row-1 odd\">\n\t\t<th class=\"column-1\">Amarres<br \/>\r\nMarina Sud - Eau et au sec<br \/>\r\nLongueur<\/th><th class=\"column-2\">Largeur<\/th><th class=\"column-3\">Jour (Pack 1)<\/th>\n\t<\/tr>\n<\/thead>\n<tbody>\n\t<tr class=\"row-2 even\">\n\t\t<td class=\"column-1\">Jusqu'\u00e0 7,50m<\/td><td class=\"column-2\">3,10m<\/td><td class=\"column-3\">\u20ac16,00<\/td>\n\t<\/tr>\n\t<tr class=\"row-3 odd\">\n\t\t<td class=\"column-1\">de 7,50 Jusqu'\u00e0 9,00m<\/td><td class=\"column-2\">3,40m<\/td><td class=\"column-3\">\u20ac21,00<br \/>\r\n<\/td>\n\t<\/tr>\n<\/tbody>\n<\/table>\n \n<table id=\"wp-table-reloaded-id-35-no-1\" class=\"wp-table-reloaded wp-table-reloaded-id-35\">\n<thead>\n\t<tr class=\"row-1 odd\">\n\t\t<th class=\"column-1\">Postos de Amarra\u00e7\u00e3o<br \/>\r\nMarina Sul - \u00c1gua (de 1 de Abril a 30 de Setembro) e terra (de 1 de Janeiro a 31 de Dezembro)<br \/>\r\nComprimento das Embarca\u00e7\u00f5es<\/th><th class=\"column-2\">Boca<\/th><th class=\"column-3\">Semestre<br \/>\r\n(Pack 4)<\/th>\n\t<\/tr>\n<\/thead>\n<tbody>\n\t<tr class=\"row-2 even\">\n\t\t<td class=\"column-1\">de 9,00 at\u00e9 10,50m<\/td><td class=\"column-2\">3,70m<\/td><td class=\"column-3\">\u20ac1120,00<\/td>\n\t<\/tr>\n\t<tr class=\"row-3 odd\">\n\t\t<td class=\"column-1\">de 10,50 at\u00e9 12,00m<\/td><td class=\"column-2\">4,50m<\/td><td class=\"column-3\">\u20ac1390,00<\/td>\n\t<\/tr>\n\t<tr class=\"row-4 even\">\n\t\t<td class=\"column-1\">de 12,00 at\u00e9 15,00m<\/td><td class=\"column-2\">5,30m<\/td><td class=\"column-3\">\u20ac1900,00<\/td>\n\t<\/tr>\n\t<tr class=\"row-5 odd\">\n\t\t<td class=\"column-1\">de 15,00 at\u00e9 18,00m<\/td><td class=\"column-2\">6,00m<\/td><td class=\"column-3\">\u20ac2800,00<\/td>\n\t<\/tr>\n<\/tbody>\n<\/table>\n \n<table id=\"wp-table-reloaded-id-22-no-1\" class=\"wp-table-reloaded wp-table-reloaded-id-22\">\n<thead>\n\t<tr class=\"row-1 odd\">\n\t\t<th class=\"column-1\">Amarres<br \/>\r\nMarina Sud - Eau et au sec<br \/>\r\nLongueur<\/th><th class=\"column-2\">Largeur<\/th><th class=\"column-3\">Semaine (Pack 2)<\/th><th class=\"column-4\">Mois (Pack 3)<\/th>\n\t<\/tr>\n<\/thead>\n<tbody>\n\t<tr class=\"row-2 even\">\n\t\t<td class=\"column-1\">Jusqu'\u00e0 7,50m<\/td><td class=\"column-2\">3,10m<\/td><td class=\"column-3\">\u20ac84<\/td><td class=\"column-4\">\u20ac100,00<\/td>\n\t<\/tr>\n\t<tr class=\"row-3 odd\">\n\t\t<td class=\"column-1\">de 7,50 Jusqu'\u00e0 9,00m<\/td><td class=\"column-2\">3,40m<\/td><td class=\"column-3\">\u20ac110<\/td><td class=\"column-4\">\u20ac166,00<\/td>\n\t<\/tr>\n<\/tbody>\n<\/table>\n \n<table id=\"wp-table-reloaded-id-23-no-1\" class=\"wp-table-reloaded wp-table-reloaded-id-23\">\n<thead>\n\t<tr class=\"row-1 odd\">\n\t\t<th class=\"column-1\">Amarres<br \/>\r\nMarina Sud - Eau et au sec<br \/>\r\nLongueur<\/th><th class=\"column-2\">Largeur<\/th><th class=\"column-3\">Semestre (Pack 4)<\/th>\n\t<\/tr>\n<\/thead>\n<tbody>\n\t<tr class=\"row-2 even\">\n\t\t<td class=\"column-1\">Jusqu'\u00e0 7,50m<\/td><td class=\"column-2\">3,10m<\/td><td class=\"column-3\">\u20ac500,00<\/td>\n\t<\/tr>\n\t<tr class=\"row-3 odd\">\n\t\t<td class=\"column-1\">de 7,50 Jusqu'\u00e0 9,00m<\/td><td class=\"column-2\">3,40m<\/td><td class=\"column-3\">\u20ac830,00<\/td>\n\t<\/tr>\n<\/tbody>\n<\/table>\n \n<table id=\"wp-table-reloaded-id-24-no-1\" class=\"wp-table-reloaded wp-table-reloaded-id-24\">\n<thead>\n\t<tr class=\"row-1 odd\">\n\t\t<th class=\"column-1\">Amarres<br \/>\r\nMarina Sud - Eau et au sec<br \/>\r\nLongueur<\/th><th class=\"column-2\">Largeur<\/th><th class=\"column-3\">Ann\u00e9e (Pack 5)<\/th>\n\t<\/tr>\n<\/thead>\n<tbody>\n\t<tr class=\"row-2 even\">\n\t\t<td class=\"column-1\">Jusqu'\u00e0 7,50m<\/td><td class=\"column-2\">3,10m<\/td><td class=\"column-3\">\u20ac900,00<\/td>\n\t<\/tr>\n\t<tr class=\"row-3 odd\">\n\t\t<td class=\"column-1\">de 7,50 Jusqu'\u00e0 9,00m<\/td><td class=\"column-2\">3,40m<\/td><td class=\"column-3\">\u20ac1550,00<\/td>\n\t<\/tr>\n<\/tbody>\n<\/table>\n \n<table id=\"wp-table-reloaded-id-25-no-1\" class=\"wp-table-reloaded wp-table-reloaded-id-25\">\n<thead>\n\t<tr class=\"row-1 odd\">\n\t\t<th class=\"column-1\">Travel Lift<br \/>\r\nLongueur<\/th><th class=\"column-2\">Mise a Terre\/Mise a L\u2019Eau<br \/>\r\n(Jusqu'\u00e0 20t)<\/th>\n\t<\/tr>\n<\/thead>\n<tbody>\n\t<tr class=\"row-2 even\">\n\t\t<td class=\"column-1\">Jusqu'\u00e0 8,00m<\/td><td class=\"column-2\">\u20ac100,00<\/td>\n\t<\/tr>\n\t<tr class=\"row-3 odd\">\n\t\t<td class=\"column-1\">Jusqu'\u00e0 10,00m<\/td><td class=\"column-2\">\u20ac150,00<\/td>\n\t<\/tr>\n\t<tr class=\"row-4 even\">\n\t\t<td class=\"column-1\">Jusqu'\u00e0 12,00m<\/td><td class=\"column-2\">\u20ac200,00<\/td>\n\t<\/tr>\n\t<tr class=\"row-5 odd\">\n\t\t<td class=\"column-1\">Jusqu'\u00e0 15,00m<\/td><td class=\"column-2\">\u20ac270,00<\/td>\n\t<\/tr>\n\t<tr class=\"row-6 even\">\n\t\t<td class=\"column-1\">Jusqu'\u00e0 18,00m<\/td><td class=\"column-2\">\u20ac300,00<\/td>\n\t<\/tr>\n<\/tbody>\n<\/table>\n \n<table id=\"wp-table-reloaded-id-26-no-1\" class=\"wp-table-reloaded wp-table-reloaded-id-26\">\n<thead>\n\t<tr class=\"row-1 odd\">\n\t\t<th class=\"column-1\">Grue<br \/>\r\nLe Pois<\/th><th class=\"column-2\">Haut\/Bas<br \/>\r\n(Jusqu'\u00e0 2,5t)<\/th>\n\t<\/tr>\n<\/thead>\n<tbody>\n\t<tr class=\"row-2 even\">\n\t\t<td class=\"column-1\">Jusqu'\u00e0 2500 Kg<\/td><td class=\"column-2\">35,00\u20ac<\/td>\n\t<\/tr>\n<\/tbody>\n<\/table>\n<\/p>\n<p><\/p>","protected":false},"excerpt":{"rendered":"<p>Pour t\u00e9l\u00e9charger notre tarifaire en fichier PDF cliquer ici. Horaire L\u2019\u00c9t\u00e9 (De Juillet jusq&rsquo;\u00e0 Septembre): 9h00 \u2013 12h30 \/ 14h00 &hellip; <a href=\"https:\/\/marinadapovoa.com\/fr\/navily\/\"><span class=\"meta-nav\">[+]<\/span><\/a><\/p>\n","protected":false},"author":5,"featured_media":0,"parent":0,"menu_order":0,"comment_status":"closed","ping_status":"closed","template":"tarifas.php","meta":{"footnotes":""},"class_list":["post-1761","page","type-page","status-publish","hentry"],"_links":{"self":[{"href":"https:\/\/marinadapovoa.com\/fr\/wp-json\/wp\/v2\/pages\/1761","targetHints":{"allow":["GET"]}}],"collection":[{"href":"https:\/\/marinadapovoa.com\/fr\/wp-json\/wp\/v2\/pages"}],"about":[{"href":"https:\/\/marinadapovoa.com\/fr\/wp-json\/wp\/v2\/types\/page"}],"author":[{"embeddable":true,"href":"https:\/\/marinadapovoa.com\/fr\/wp-json\/wp\/v2\/users\/5"}],"replies":[{"embeddable":true,"href":"https:\/\/marinadapovoa.com\/fr\/wp-json\/wp\/v2\/comments?post=1761"}],"version-history":[{"count":5,"href":"https:\/\/marinadapovoa.com\/fr\/wp-json\/wp\/v2\/pages\/1761\/revisions"}],"predecessor-version":[{"id":1768,"href":"https:\/\/marinadapovoa.com\/fr\/wp-json\/wp\/v2\/pages\/1761\/revisions\/1768"}],"wp:attachment":[{"href":"https:\/\/marinadapovoa.com\/fr\/wp-json\/wp\/v2\/media?parent=1761"}],"curies":[{"name":"wp","href":"https:\/\/api.w.org\/{rel}","templated":true}]}}