{"id":1595,"date":"2020-06-09T14:18:34","date_gmt":"2020-06-09T14:18:34","guid":{"rendered":"http:\/\/marinadapovoa.com\/?page_id=1595"},"modified":"2022-10-18T17:20:02","modified_gmt":"2022-10-18T17:20:02","slug":"regulamento","status":"publish","type":"page","link":"https:\/\/marinadapovoa.com\/fr\/regulamento\/","title":{"rendered":"(Portugu\u00eas) Regulamento"},"content":{"rendered":"<p class=\"qtranxs-available-languages-message qtranxs-available-languages-message-fr\">D\u00e9sol\u00e9, cet article est seulement disponible en <a href=\"https:\/\/marinadapovoa.com\/pt\/wp-json\/wp\/v2\/pages\/1595\" class=\"qtranxs-available-language-link qtranxs-available-language-link-pt\" title=\"Portugu\u00eas\">Portugu\u00eas<\/a> et <a href=\"https:\/\/marinadapovoa.com\/en\/wp-json\/wp\/v2\/pages\/1595\" class=\"qtranxs-available-language-link qtranxs-available-language-link-en\" title=\"English\">English<\/a>.<\/p>","protected":false},"excerpt":{"rendered":"<p>D\u00e9sol\u00e9, cet article est seulement disponible en Portugu\u00eas et English.<\/p>\n","protected":false},"author":3,"featured_media":0,"parent":0,"menu_order":0,"comment_status":"closed","ping_status":"closed","template":"","meta":{"footnotes":""},"class_list":["post-1595","page","type-page","status-publish","hentry"],"_links":{"self":[{"href":"https:\/\/marinadapovoa.com\/fr\/wp-json\/wp\/v2\/pages\/1595","targetHints":{"allow":["GET"]}}],"collection":[{"href":"https:\/\/marinadapovoa.com\/fr\/wp-json\/wp\/v2\/pages"}],"about":[{"href":"https:\/\/marinadapovoa.com\/fr\/wp-json\/wp\/v2\/types\/page"}],"author":[{"embeddable":true,"href":"https:\/\/marinadapovoa.com\/fr\/wp-json\/wp\/v2\/users\/3"}],"replies":[{"embeddable":true,"href":"https:\/\/marinadapovoa.com\/fr\/wp-json\/wp\/v2\/comments?post=1595"}],"version-history":[{"count":22,"href":"https:\/\/marinadapovoa.com\/fr\/wp-json\/wp\/v2\/pages\/1595\/revisions"}],"predecessor-version":[{"id":1781,"href":"https:\/\/marinadapovoa.com\/fr\/wp-json\/wp\/v2\/pages\/1595\/revisions\/1781"}],"wp:attachment":[{"href":"https:\/\/marinadapovoa.com\/fr\/wp-json\/wp\/v2\/media?parent=1595"}],"curies":[{"name":"wp","href":"https:\/\/api.w.org\/{rel}","templated":true}]}}