{"id":24,"date":"2011-04-07T14:08:05","date_gmt":"2011-04-07T14:08:05","guid":{"rendered":"http:\/\/hal9000\/marina\/?page_id=24"},"modified":"2021-08-06T12:06:49","modified_gmt":"2021-08-06T12:06:49","slug":"acessos","status":"publish","type":"page","link":"https:\/\/marinadapovoa.com\/es\/acessos\/","title":{"rendered":"Acesos"},"content":{"rendered":"<p><h7>Mar<\/h7><\/p>\n<p><strong>Latitude:<\/strong>  41\u00ba 22\u2019 N<br \/>\n<strong>Longitude:<\/strong> 008\u00ba 46\u2019 W<\/p>\n<p>Para una navegaci\u00f3n tranquila en la aproximaci\u00f3n al puerto de <strong>P\u00f3voa de Varzim<\/strong>, se deve mantener una distancia de 2 millas a la costa en la batimetrica de 20 metros de profundidad.<br \/>\nEn el aceso al puerto se debe mantener a una distancia razonable del muelle norte del puerto, guinando para estibord despu\u00e9s de cruzar el muelle sur, respectando las b\u00f3ias existentes en el interior del puerto y acostando en el ponton de recepci\u00f3n. <\/p>\n<p><strong>Luces del Puerto de P\u00f3voa de Varzim<\/strong><br \/>\n<strong>Muelle Norte:<\/strong> Fl. R. (roja) 3s 14m 12M<br \/>\n<strong>Muelle Sur:<\/strong> Fl. G. (verde) 6s 13m 4M<\/p>\n<p><h7>Autopista<\/h7><\/p>\n<p><iframe loading=\"lazy\" width=\"425\" height=\"350\" style=\"border:5px solid #FFFFFF\" scrolling=\"no\" marginheight=\"0\" marginwidth=\"0\" src=\"http:\/\/maps.google.pt\/maps\/ms?hl=pt-PT&amp;ie=UTF8&amp;msa=0&amp;msid=214455947530791678169.0004a4b7dcdbf080d5a6d&amp;ll=41.386984,-8.758507&amp;spn=0.045077,0.072956&amp;z=13&amp;output=embed\"><\/iframe><br \/><small><a href=\"http:\/\/maps.google.pt\/maps\/ms?hl=pt-PT&amp;ie=UTF8&amp;msa=0&amp;msid=214455947530791678169.0004a4b7dcdbf080d5a6d&amp;ll=41.386984,-8.758507&amp;spn=0.045077,0.072956&amp;z=13&amp;source=embed\" target=\"_blank\">A28 &#8211; Marina da P\u00f3voa de Varzim<\/a><\/small><\/p>\n<p>De <strong>P\u00f3voa de Varzim<\/strong> se llega sencillamente por autopista (A 28) al <strong>Aeropuerto Internacional de Oporto<\/strong> (18 Km), a la ciudad de <strong>Oporto<\/strong>  (30 Km), <strong>Viana do Castelo<\/strong> (40 Km), <strong>Vigo<\/strong> (100 Km), <strong>Braga<\/strong> (40 km), <strong>Guimar\u00e3es<\/strong> (40 km), <strong>Chaves<\/strong> y <strong>Lisboa<\/strong> (A 28 and A1).<\/p>\n<p><h7>Metro do Porto <\/h7><\/p>\n<p><iframe loading=\"lazy\" width=\"425\" height=\"350\" style=\"border:5px solid #FFFFFF\" scrolling=\"no\" marginheight=\"0\" marginwidth=\"0\" src=\"http:\/\/maps.google.com\/maps\/ms?ie=UTF8&amp;hl=en&amp;msa=0&amp;msid=214455947530791678169.0004a0ba021df87b624e9&amp;ll=41.374297,-8.762627&amp;spn=0.011271,0.018239&amp;z=15&amp;output=embed\"><\/iframe><br \/><small><a href=\"http:\/\/maps.google.com\/maps\/ms?ie=UTF8&amp;hl=en&amp;msa=0&amp;msid=214455947530791678169.0004a0ba021df87b624e9&amp;ll=41.374297,-8.762627&amp;spn=0.011271,0.018239&amp;z=15&amp;source=embed\" target=\"_blank\">Metro do Porto &#8211; Marina da P\u00f3voa de Varzim<\/a><\/small><\/p>\n<p>La estaci\u00f3n de metro <strong>\u00abP\u00f3voa de Varzim\u00bb<\/strong>, en el termin\u00fas de la l\u00ednea B (roja) del  Metro do Porto, est\u00e1 situada a menos de 1 Km de la <strong>Marina da P\u00f3voa<\/strong>.<br \/>\n<a href=\"http:\/\/www.metrodoporto.pt\" target=\"_blank\">Metro do Porto<\/a> es el modo m\u00e1s sencillo y barato de llegar a la ciudad de <a href=\"http:\/\/www.portoturismo.pt\" target=\"_blank\">Oporto<\/a>, al <a href=\"http:\/\/www.ana.pt\" target=\"_blank\">Aeropuerto de Oporto<\/a>, <a href=\"http:\/\/www.gaiaglobal.pt\" target=\"_blank\">Vila Nova de Gaia<\/a> (bodegas del vino do Porto), <a href=\"http:\/\/www.cm-viladoconde.pt\" target=\"_blank\">Vila do Conde<\/a> y la estaci\u00f3n de trenes de <a href=\"http:\/\/www.cp.pt\" target=\"_blank\">Porto-Campanh\u00e3<\/a> , donde se puede coger trenes para Lisboa, Aveiro, Coimbra y el valle del Duero.<\/p>\n<p><h7>Aeropuerto de Oporto<\/h7><\/p>\n<p><iframe loading=\"lazy\" width=\"425\" height=\"350\" style=\"border:5px solid #FFFFFF\" scrolling=\"no\" marginheight=\"0\" marginwidth=\"0\" src=\"http:\/\/maps.google.com\/maps\/ms?ie=UTF8&amp;hl=en&amp;msa=0&amp;msid=214455947530791678169.0004a0ba48681d3b76fe8&amp;ll=41.320107,-8.717651&amp;spn=0.180493,0.291824&amp;z=11&amp;output=embed\"><\/iframe><br \/><small><a href=\"http:\/\/maps.google.com\/maps\/ms?ie=UTF8&amp;hl=en&amp;msa=0&amp;msid=214455947530791678169.0004a0ba48681d3b76fe8&amp;ll=41.320107,-8.717651&amp;spn=0.180493,0.291824&amp;z=11&amp;source=embed\" target=\"_blank\">Aeroporto do Porto &#8211; Marina da P\u00f3voa<\/a><\/small><\/p>\n<p>El <a href=\"http:\/\/www.ana.pt\" target=\"_blank\"><strong>Aeropuerto Internacional de Oporto<\/strong><\/a> est\u00e1 situado a unos 18 Km de distancia de la <strong>Marina da P\u00f3voa<\/strong>, con f\u00e1cil acceso por autopista (A 28) y por el \u00abMetro do Porto\u00bb.<br \/>\nEl Aeropuerto Internacional de Oporto recibe un gran n\u00famero de vuelos de las mayores aerol\u00edneas europeas, <a href=\"http:\/\/www.flytap.com\" target=\"_blank\">Tap<\/a>, <a href=\"http:\/\/www.iberia.com\" target=\"_blank\">Iberia<\/a>,  <a href=\"http:\/\/www.airfrance.fr\" target=\"_blank\">Air France<\/a>, <a href=\"http:\/\/www.klm.com\" target=\"_blank\">KLM<\/a>, <a href=\"http:\/\/www.lufthansa.com\" target=\"_blank\">Lufthansa<\/a>, <a href=\"http:\/\/www.britishairways.com\" target=\"_blank\">British Airways<\/a>, as\u00ed como de las aerol\u00edneas low cost, <a href=\"http:\/\/www.easyjet.com\" target=\"_blank\">Easyjet<\/a>, <a href=\"http:\/\/www.ryanair.com\" target=\"_blank\">Ryanair<\/a>, <a href=\"http:\/\/www.transavia.com\" target=\"_blank\">Transavia<\/a>, con conexiones a Madrid, Barcelona, Londres, D\u00fablin, Manchester, Lisboa, Madrid, Paris, Bruselas y Frankfurt.<\/p>\n<p>Enlace \u00fatil: <a href=\"http:\/\/www.meteo.pt\" target=\"_blank\">Instituto de Meteorologia<\/a>.<\/p>\n<p><\/p>","protected":false},"excerpt":{"rendered":"<p>Mar Latitude: 41\u00ba 22\u2019 N Longitude: 008\u00ba 46\u2019 W Para una navegaci\u00f3n tranquila en la aproximaci\u00f3n al puerto de P\u00f3voa &hellip; <a href=\"https:\/\/marinadapovoa.com\/es\/acessos\/\"><span class=\"meta-nav\">[+]<\/span><\/a><\/p>\n","protected":false},"author":1,"featured_media":279,"parent":0,"menu_order":0,"comment_status":"closed","ping_status":"closed","template":"","meta":{"footnotes":""},"class_list":["post-24","page","type-page","status-publish","has-post-thumbnail","hentry"],"_links":{"self":[{"href":"https:\/\/marinadapovoa.com\/es\/wp-json\/wp\/v2\/pages\/24","targetHints":{"allow":["GET"]}}],"collection":[{"href":"https:\/\/marinadapovoa.com\/es\/wp-json\/wp\/v2\/pages"}],"about":[{"href":"https:\/\/marinadapovoa.com\/es\/wp-json\/wp\/v2\/types\/page"}],"author":[{"embeddable":true,"href":"https:\/\/marinadapovoa.com\/es\/wp-json\/wp\/v2\/users\/1"}],"replies":[{"embeddable":true,"href":"https:\/\/marinadapovoa.com\/es\/wp-json\/wp\/v2\/comments?post=24"}],"version-history":[{"count":57,"href":"https:\/\/marinadapovoa.com\/es\/wp-json\/wp\/v2\/pages\/24\/revisions"}],"predecessor-version":[{"id":1651,"href":"https:\/\/marinadapovoa.com\/es\/wp-json\/wp\/v2\/pages\/24\/revisions\/1651"}],"wp:featuredmedia":[{"embeddable":true,"href":"https:\/\/marinadapovoa.com\/es\/wp-json\/wp\/v2\/media\/279"}],"wp:attachment":[{"href":"https:\/\/marinadapovoa.com\/es\/wp-json\/wp\/v2\/media?parent=24"}],"curies":[{"name":"wp","href":"https:\/\/api.w.org\/{rel}","templated":true}]}}