{"id":139,"date":"2011-04-12T14:37:14","date_gmt":"2011-04-12T14:37:14","guid":{"rendered":"http:\/\/marinadapovoa.com\/?page_id=139"},"modified":"2026-01-02T15:06:50","modified_gmt":"2026-01-02T15:06:50","slug":"tarifas","status":"publish","type":"page","link":"https:\/\/marinadapovoa.com\/es\/tarifas\/","title":{"rendered":"Tarifas"},"content":{"rendered":"<p style=\"text-align: left;\">Puede usted cargar nuestro tarifario en versi\u00f3n PDF \u2013 haga click <a title=\"Tarif\u00e1rio Marina\" href=\"https:\/\/marinadapovoa.com\/wp-content\/uploads\/2026\/01\/Tarifario-Marina-20260101.pdf\" target=\"_blank\" rel=\"noopener\"><strong>aqu\u00ed<\/strong><\/a>. <strong>Horario Recepci\u00f3n<\/strong> <strong>Invierno<\/strong>: 9h00 \u2013 12h30 \/ 14h00 \u2013 18h00 <strong>Verano<\/strong>: (De Julio hasta Septiembre): 9h00 \u2013 12h30 \/ 14h00 \u2013 19h00. IVA incluido. Multicasco \u2013 adicionar 50% al precio indicado. <strong>Pack anual<\/strong> \u2013 oferta de una subida y una bajada de travel-lift\/gr\u00faa. Precios son calculados por el escal\u00f3n superior de eslora\/boca. Agua y electricidad incluida en los amarres en el pont\u00f3n. <strong>Grua:<\/strong> hasta 2,5 t <strong>Travel Lift:<\/strong> hasta 20t \u00a0 \n<table id=\"wp-table-reloaded-id-15-no-1\" class=\"wp-table-reloaded wp-table-reloaded-id-15\">\n<thead>\n\t<tr class=\"row-1 odd\">\n\t\t<th class=\"column-1\">Amarres<br \/>\r\nMarina Sul - Agua o tierra<br \/>\r\nEslora<\/th><th class=\"column-2\">Boca<\/th><th class=\"column-3\">Dia (Pack 1)<\/th>\n\t<\/tr>\n<\/thead>\n<tbody>\n\t<tr class=\"row-2 even\">\n\t\t<td class=\"column-1\">Hasta 7,50m<\/td><td class=\"column-2\">3,10m<\/td><td class=\"column-3\">\u20ac16,00<\/td>\n\t<\/tr>\n\t<tr class=\"row-3 odd\">\n\t\t<td class=\"column-1\">de 7,50 hasta 9,00m<\/td><td class=\"column-2\">3,40m<\/td><td class=\"column-3\">\u20ac21,00<br \/>\r\n<\/td>\n\t<\/tr>\n<\/tbody>\n<\/table>\n \n<table id=\"wp-table-reloaded-id-16-no-1\" class=\"wp-table-reloaded wp-table-reloaded-id-16\">\n<thead>\n\t<tr class=\"row-1 odd\">\n\t\t<th class=\"column-1\">Amarres<br \/>\r\nMarina Sul - Agua o tierra<br \/>\r\nEslora<\/th><th class=\"column-2\">Boca<\/th><th class=\"column-3\">Semana (Pack 2)<\/th><th class=\"column-4\">Mes (Pack 3)<\/th>\n\t<\/tr>\n<\/thead>\n<tbody>\n\t<tr class=\"row-2 even\">\n\t\t<td class=\"column-1\">Hasta 7,50m<\/td><td class=\"column-2\">3,10m<\/td><td class=\"column-3\">\u20ac84<\/td><td class=\"column-4\">\u20ac100<\/td>\n\t<\/tr>\n\t<tr class=\"row-3 odd\">\n\t\t<td class=\"column-1\">de 7,50 hasta 9,00m<\/td><td class=\"column-2\">3,40m<\/td><td class=\"column-3\">\u20ac110<\/td><td class=\"column-4\">\u20ac166,00<\/td>\n\t<\/tr>\n<\/tbody>\n<\/table>\n \n<table id=\"wp-table-reloaded-id-17-no-1\" class=\"wp-table-reloaded wp-table-reloaded-id-17\">\n<thead>\n\t<tr class=\"row-1 odd\">\n\t\t<th class=\"column-1\">Amarres<br \/>\r\nMarina Sul - Agua o tierra<br \/>\r\nEslora<\/th><th class=\"column-2\">Boca<\/th><th class=\"column-3\">Semestre (Pack 4)<\/th>\n\t<\/tr>\n<\/thead>\n<tbody>\n\t<tr class=\"row-2 even\">\n\t\t<td class=\"column-1\">Hasta 7,50m<\/td><td class=\"column-2\">3,10m<\/td><td class=\"column-3\">\u20ac500,00<\/td>\n\t<\/tr>\n\t<tr class=\"row-3 odd\">\n\t\t<td class=\"column-1\">de 7,50 hasta 9,00m<\/td><td class=\"column-2\">3,40m<\/td><td class=\"column-3\">\u20ac830,00<\/td>\n\t<\/tr>\n<\/tbody>\n<\/table>\n \n<table id=\"wp-table-reloaded-id-18-no-1\" class=\"wp-table-reloaded wp-table-reloaded-id-18\">\n<thead>\n\t<tr class=\"row-1 odd\">\n\t\t<th class=\"column-1\">Amarres<br \/>\r\nMarina Sul - Agua o tierra<br \/>\r\nEslora<\/th><th class=\"column-2\">Boca<\/th><th class=\"column-3\">A\u00f1o (Pack 5)<\/th>\n\t<\/tr>\n<\/thead>\n<tbody>\n\t<tr class=\"row-2 even\">\n\t\t<td class=\"column-1\">Hasta 7,50m<\/td><td class=\"column-2\">3,10m<\/td><td class=\"column-3\">\u20ac900,00<\/td>\n\t<\/tr>\n\t<tr class=\"row-3 odd\">\n\t\t<td class=\"column-1\">de 7,50 hasta 9,00m<\/td><td class=\"column-2\">3,40m<\/td><td class=\"column-3\">\u20ac1550,00<\/td>\n\t<\/tr>\n<\/tbody>\n<\/table>\n \n<table id=\"wp-table-reloaded-id-41-no-1\" class=\"wp-table-reloaded wp-table-reloaded-id-41\">\n<thead>\n\t<tr class=\"row-1 odd\">\n\t\t<th class=\"column-1\">Amarres<br \/>\r\nMarina Sul - Agua (del 1 de abril al 30 de septiembre) y Tierra (del 1 de enero al 31 de diciembre)<br \/>\r\nEslora<\/th><th class=\"column-2\">Boca<\/th><th class=\"column-3\">Dia (Pack 1)<\/th>\n\t<\/tr>\n<\/thead>\n<tbody>\n\t<tr class=\"row-2 even\">\n\t\t<td class=\"column-1\">de 9,00 hasta 10,50m<\/td><td class=\"column-2\">3,70m<\/td><td class=\"column-3\">\u20ac26,00<\/td>\n\t<\/tr>\n\t<tr class=\"row-3 odd\">\n\t\t<td class=\"column-1\">de 10,50 hasta 12,00m<\/td><td class=\"column-2\">4,50m<\/td><td class=\"column-3\">\u20ac32,00<\/td>\n\t<\/tr>\n\t<tr class=\"row-4 even\">\n\t\t<td class=\"column-1\">de 12,00 hasta 15,00m<\/td><td class=\"column-2\">5,30m<\/td><td class=\"column-3\">\u20ac37,00<\/td>\n\t<\/tr>\n\t<tr class=\"row-5 odd\">\n\t\t<td class=\"column-1\">de 15,00 hasta 18,00m<\/td><td class=\"column-2\">6,00m<\/td><td class=\"column-3\">\u20ac48,00<\/td>\n\t<\/tr>\n<\/tbody>\n<\/table>\n \n<table id=\"wp-table-reloaded-id-42-no-1\" class=\"wp-table-reloaded wp-table-reloaded-id-42\">\n<thead>\n\t<tr class=\"row-1 odd\">\n\t\t<th class=\"column-1\">Amarres<br \/>\r\nMarina Sul - Agua (del 1 de abril al 30 de septiembre) y Tierra (del 1 de enero al 31 de diciembre)<br \/>\r\nEslora<\/th><th class=\"column-2\">Boca<\/th><th class=\"column-3\">Semana (Pack 2)<\/th><th class=\"column-4\">Mes (Pack 3)<\/th>\n\t<\/tr>\n<\/thead>\n<tbody>\n\t<tr class=\"row-2 even\">\n\t\t<td class=\"column-1\">de 9,00 hasta 10,50m<\/td><td class=\"column-2\">3,70m<\/td><td class=\"column-3\">\u20ac140<\/td><td class=\"column-4\">\u20ac333,00<\/td>\n\t<\/tr>\n\t<tr class=\"row-3 odd\">\n\t\t<td class=\"column-1\">de 10,50 hasta 12,00m<\/td><td class=\"column-2\">4,50m<\/td><td class=\"column-3\">\u20ac170<\/td><td class=\"column-4\">\u20ac338,00<\/td>\n\t<\/tr>\n\t<tr class=\"row-4 even\">\n\t\t<td class=\"column-1\">de 12,00 hasta 15,00m<\/td><td class=\"column-2\">5,30m<\/td><td class=\"column-3\">\u20ac195<\/td><td class=\"column-4\">\u20ac445,00<\/td>\n\t<\/tr>\n\t<tr class=\"row-5 odd\">\n\t\t<td class=\"column-1\">de 15,00 hasta 18,00m<\/td><td class=\"column-2\">6,00m<\/td><td class=\"column-3\">\u20ac250<\/td><td class=\"column-4\">\u20ac500,00<\/td>\n\t<\/tr>\n<\/tbody>\n<\/table>\n \n<table id=\"wp-table-reloaded-id-43-no-1\" class=\"wp-table-reloaded wp-table-reloaded-id-43\">\n<thead>\n\t<tr class=\"row-1 odd\">\n\t\t<th class=\"column-1\">Amarres<br \/>\r\nMarina Sul - Agua (del 1 de abril al 30 de septiembre) y Tierra (del 1 de enero al 31 de diciembre)<br \/>\r\nEslora<\/th><th class=\"column-2\">Boca<\/th><th class=\"column-3\">Semestre (Pack 4)<\/th>\n\t<\/tr>\n<\/thead>\n<tbody>\n\t<tr class=\"row-2 even\">\n\t\t<td class=\"column-1\">de 9,00 hasta 10,50m<\/td><td class=\"column-2\">3,70m<\/td><td class=\"column-3\">\u20ac1120,00<\/td>\n\t<\/tr>\n\t<tr class=\"row-3 odd\">\n\t\t<td class=\"column-1\">de 10,50 hasta 12,00m<\/td><td class=\"column-2\">4,50m<\/td><td class=\"column-3\">\u20ac1390,00<\/td>\n\t<\/tr>\n\t<tr class=\"row-4 even\">\n\t\t<td class=\"column-1\">de 12,00 hasta 15,00m<\/td><td class=\"column-2\">5,30m<\/td><td class=\"column-3\">\u20ac1900,00<\/td>\n\t<\/tr>\n\t<tr class=\"row-5 odd\">\n\t\t<td class=\"column-1\">de 15,00 hasta 18,00m<\/td><td class=\"column-2\">6,00m<\/td><td class=\"column-3\">\u20ac2800,00<\/td>\n\t<\/tr>\n<\/tbody>\n<\/table>\n \n<table id=\"wp-table-reloaded-id-44-no-1\" class=\"wp-table-reloaded wp-table-reloaded-id-44\">\n<thead>\n\t<tr class=\"row-1 odd\">\n\t\t<th class=\"column-1\">Amarres<br \/>\r\nMarina Sul - Agua (del 1 de abril al 30 de septiembre) y Tierra (del 1 de enero al 31 de diciembre)<br \/>\r\nEslora<\/th><th class=\"column-2\">Boca<\/th><th class=\"column-3\">A\u00f1o (Pack 5)<\/th>\n\t<\/tr>\n<\/thead>\n<tbody>\n\t<tr class=\"row-2 even\">\n\t\t<td class=\"column-1\">de 9,00 hasta 10,50m<\/td><td class=\"column-2\">3,70m<\/td><td class=\"column-3\">\u20ac1900,00<\/td>\n\t<\/tr>\n\t<tr class=\"row-3 odd\">\n\t\t<td class=\"column-1\">de 10,50 hasta 12,00m<\/td><td class=\"column-2\">4,50m<\/td><td class=\"column-3\">\u20ac2240,00<\/td>\n\t<\/tr>\n\t<tr class=\"row-4 even\">\n\t\t<td class=\"column-1\">de 12,00 hasta 15,00m<\/td><td class=\"column-2\">5,30m<\/td><td class=\"column-3\">\u20ac2900,00<\/td>\n\t<\/tr>\n\t<tr class=\"row-5 odd\">\n\t\t<td class=\"column-1\">de 15,00 hasta 18,00m<\/td><td class=\"column-2\">6,00m<\/td><td class=\"column-3\">\u20ac4500,00<\/td>\n\t<\/tr>\n<\/tbody>\n<\/table>\n \n<table id=\"wp-table-reloaded-id-45-no-1\" class=\"wp-table-reloaded wp-table-reloaded-id-45\">\n<thead>\n\t<tr class=\"row-1 odd\">\n\t\t<th class=\"column-1\">Amarres<br \/>\r\nMarina Norte - Agua<br \/>\r\nEslora<\/th><th class=\"column-2\">Boca<\/th><th class=\"column-3\">Dia (Pack 1)<\/th>\n\t<\/tr>\n<\/thead>\n<tbody>\n\t<tr class=\"row-2 even\">\n\t\t<td class=\"column-1\">de 12,00 hasta 15,00m<\/td><td class=\"column-2\">5,30m<\/td><td class=\"column-3\">\u20ac37,00<\/td>\n\t<\/tr>\n\t<tr class=\"row-3 odd\">\n\t\t<td class=\"column-1\">de 15,00 hasta 18,00m<\/td><td class=\"column-2\">6,00m<\/td><td class=\"column-3\">\u20ac48,00<\/td>\n\t<\/tr>\n<\/tbody>\n<\/table>\n \n<table id=\"wp-table-reloaded-id-46-no-1\" class=\"wp-table-reloaded wp-table-reloaded-id-46\">\n<thead>\n\t<tr class=\"row-1 odd\">\n\t\t<th class=\"column-1\">Amarres<br \/>\r\nMarina Norte - Agua<br \/>\r\nEslora<\/th><th class=\"column-2\">Boca<\/th><th class=\"column-3\">Semana (Pack 2)<\/th><th class=\"column-4\">Mes (Pack 3)<br \/>\r\n<\/th>\n\t<\/tr>\n<\/thead>\n<tbody>\n\t<tr class=\"row-2 even\">\n\t\t<td class=\"column-1\">de 12,00 hasta15,00m<\/td><td class=\"column-2\">5,30m<\/td><td class=\"column-3\">\u20ac195<\/td><td class=\"column-4\">\u20ac445,00<\/td>\n\t<\/tr>\n\t<tr class=\"row-3 odd\">\n\t\t<td class=\"column-1\">de 15,00 hasta 18,00m<\/td><td class=\"column-2\">6,00m<\/td><td class=\"column-3\">\u20ac250<\/td><td class=\"column-4\">\u20ac500,00<\/td>\n\t<\/tr>\n<\/tbody>\n<\/table>\n \n<table id=\"wp-table-reloaded-id-47-no-1\" class=\"wp-table-reloaded wp-table-reloaded-id-47\">\n<thead>\n\t<tr class=\"row-1 odd\">\n\t\t<th class=\"column-1\">Amarres<br \/>\r\nMarina Norte - Agua<br \/>\r\nEslora<\/th><th class=\"column-2\">Boca<\/th><th class=\"column-3\">Semestre (Pack 4)<\/th>\n\t<\/tr>\n<\/thead>\n<tbody>\n\t<tr class=\"row-2 even\">\n\t\t<td class=\"column-1\">de 12,00 hasta 15,00m<\/td><td class=\"column-2\">5,30m<\/td><td class=\"column-3\">\u20ac1900,00<\/td>\n\t<\/tr>\n\t<tr class=\"row-3 odd\">\n\t\t<td class=\"column-1\">de 15,00 hasta 18,00m<\/td><td class=\"column-2\">6,00m<\/td><td class=\"column-3\">\u20ac2800,00<\/td>\n\t<\/tr>\n<\/tbody>\n<\/table>\n \n<table id=\"wp-table-reloaded-id-48-no-1\" class=\"wp-table-reloaded wp-table-reloaded-id-48\">\n<thead>\n\t<tr class=\"row-1 odd\">\n\t\t<th class=\"column-1\">Amarres<br \/>\r\nMarina Norte - Agua<br \/>\r\nEslora<\/th><th class=\"column-2\">Boca<\/th><th class=\"column-3\">A\u00f1o (Pack 5)<\/th>\n\t<\/tr>\n<\/thead>\n<tbody>\n\t<tr class=\"row-2 even\">\n\t\t<td class=\"column-1\">de 12,00 hasta 15,00m<\/td><td class=\"column-2\">5,30m<\/td><td class=\"column-3\">\u20ac2900,00<\/td>\n\t<\/tr>\n\t<tr class=\"row-3 odd\">\n\t\t<td class=\"column-1\">de 15,00 hasta 18,00m<\/td><td class=\"column-2\">6,00m<\/td><td class=\"column-3\">\u20ac4500,00<\/td>\n\t<\/tr>\n<\/tbody>\n<\/table>\n \n<table id=\"wp-table-reloaded-id-19-no-1\" class=\"wp-table-reloaded wp-table-reloaded-id-19\">\n<thead>\n\t<tr class=\"row-1 odd\">\n\t\t<th class=\"column-1\">Travel Lift<br \/>\r\nEslora<\/th><th class=\"column-2\">Subida\/Bajada<br \/>\r\n(Hasta 20t)<\/th>\n\t<\/tr>\n<\/thead>\n<tbody>\n\t<tr class=\"row-2 even\">\n\t\t<td class=\"column-1\">Hasta 8,00m<\/td><td class=\"column-2\">\u20ac100,00<\/td>\n\t<\/tr>\n\t<tr class=\"row-3 odd\">\n\t\t<td class=\"column-1\">Hasta 10,00m<\/td><td class=\"column-2\">\u20ac150,00<\/td>\n\t<\/tr>\n\t<tr class=\"row-4 even\">\n\t\t<td class=\"column-1\">Hasta 12,00m<\/td><td class=\"column-2\">\u20ac200,00<\/td>\n\t<\/tr>\n\t<tr class=\"row-5 odd\">\n\t\t<td class=\"column-1\">Hasta 15,00m<\/td><td class=\"column-2\">\u20ac270,00<\/td>\n\t<\/tr>\n\t<tr class=\"row-6 even\">\n\t\t<td class=\"column-1\">Hasta 18,00m<\/td><td class=\"column-2\">\u20ac300,00<\/td>\n\t<\/tr>\n<\/tbody>\n<\/table>\n \n<table id=\"wp-table-reloaded-id-20-no-1\" class=\"wp-table-reloaded wp-table-reloaded-id-20\">\n<thead>\n\t<tr class=\"row-1 odd\">\n\t\t<th class=\"column-1\">Grua<br \/>\r\nPeso<\/th><th class=\"column-2\">Subida\/Bajada<br \/>\r\n(Hasta 2,5t)<\/th>\n\t<\/tr>\n<\/thead>\n<tbody>\n\t<tr class=\"row-2 even\">\n\t\t<td class=\"column-1\">Hasta 2500 Kg<\/td><td class=\"column-2\">35,00\u20ac<\/td>\n\t<\/tr>\n<\/tbody>\n<\/table>\n \n<table id=\"wp-table-reloaded-id-67-no-1\" class=\"wp-table-reloaded wp-table-reloaded-id-67\">\n<thead>\n\t<tr class=\"row-1 odd\">\n\t\t<th class=\"column-1\">Remolque en puerto<br \/>\r\nEslora<\/th><th class=\"column-2\">Precio<\/th>\n\t<\/tr>\n<\/thead>\n<tbody>\n\t<tr class=\"row-2 even\">\n\t\t<td class=\"column-1\">Hasta 9,00m<br \/>\r\n<\/td><td class=\"column-2\">\u20ac30,00<\/td>\n\t<\/tr>\n\t<tr class=\"row-3 odd\">\n\t\t<td class=\"column-1\">de 9,00m hasta 12,00m<\/td><td class=\"column-2\">\u20ac35,00<\/td>\n\t<\/tr>\n\t<tr class=\"row-4 even\">\n\t\t<td class=\"column-1\">de 12,00m hasta 18,00m<\/td><td class=\"column-2\">\u20ac40,00<\/td>\n\t<\/tr>\n<\/tbody>\n<\/table>\n \n<table id=\"wp-table-reloaded-id-70-no-1\" class=\"wp-table-reloaded wp-table-reloaded-id-70\">\n<thead>\n\t<tr class=\"row-1 odd\">\n\t\t<th class=\"column-1\">Visita log\u00edstica (Hasta 4 horas)<br \/>\r\nEslora<\/th><th class=\"column-2\">Pre\u00e7o<\/th>\n\t<\/tr>\n<\/thead>\n<tbody>\n\t<tr class=\"row-2 even\">\n\t\t<td class=\"column-1\">Hasta 9,00m<br \/>\r\n<\/td><td class=\"column-2\">\u20ac15,00<\/td>\n\t<\/tr>\n\t<tr class=\"row-3 odd\">\n\t\t<td class=\"column-1\">de 9,00m hasta 12,00m<\/td><td class=\"column-2\">\u20ac20,00<\/td>\n\t<\/tr>\n\t<tr class=\"row-4 even\">\n\t\t<td class=\"column-1\">de 12,00m Hasta 18,00m<\/td><td class=\"column-2\">\u20ac25,00<\/td>\n\t<\/tr>\n<\/tbody>\n<\/table>\n<\/p>\n<p><\/p>","protected":false},"excerpt":{"rendered":"<p>Disculpa, pero esta entrada est\u00e1 disponible s\u00f3lo en Portugu\u00eas.<\/p>\n","protected":false},"author":1,"featured_media":0,"parent":0,"menu_order":0,"comment_status":"closed","ping_status":"closed","template":"tarifas.php","meta":{"footnotes":""},"class_list":["post-139","page","type-page","status-publish","hentry"],"_links":{"self":[{"href":"https:\/\/marinadapovoa.com\/es\/wp-json\/wp\/v2\/pages\/139","targetHints":{"allow":["GET"]}}],"collection":[{"href":"https:\/\/marinadapovoa.com\/es\/wp-json\/wp\/v2\/pages"}],"about":[{"href":"https:\/\/marinadapovoa.com\/es\/wp-json\/wp\/v2\/types\/page"}],"author":[{"embeddable":true,"href":"https:\/\/marinadapovoa.com\/es\/wp-json\/wp\/v2\/users\/1"}],"replies":[{"embeddable":true,"href":"https:\/\/marinadapovoa.com\/es\/wp-json\/wp\/v2\/comments?post=139"}],"version-history":[{"count":192,"href":"https:\/\/marinadapovoa.com\/es\/wp-json\/wp\/v2\/pages\/139\/revisions"}],"predecessor-version":[{"id":1895,"href":"https:\/\/marinadapovoa.com\/es\/wp-json\/wp\/v2\/pages\/139\/revisions\/1895"}],"wp:attachment":[{"href":"https:\/\/marinadapovoa.com\/es\/wp-json\/wp\/v2\/media?parent=139"}],"curies":[{"name":"wp","href":"https:\/\/api.w.org\/{rel}","templated":true}]}}